{"id":237,"date":"2023-05-03T16:06:50","date_gmt":"2023-05-03T16:06:50","guid":{"rendered":"https:\/\/motorfestcuracao.com\/?page_id=237"},"modified":"2023-05-17T12:05:20","modified_gmt":"2023-05-17T12:05:20","slug":"participanten","status":"publish","type":"page","link":"https:\/\/motorfestcuracao.com\/index.php\/participanten\/","title":{"rendered":"Participanten"},"content":{"rendered":"\t\t<div data-elementor-type=\"wp-page\" data-elementor-id=\"237\" class=\"elementor elementor-237\">\n\t\t\t\t\t\t<section class=\"elementor-section elementor-top-section elementor-element elementor-element-b5d1114 elementor-section-full_width elementor-section-content-middle elementor-section-height-default elementor-section-height-default\" data-id=\"b5d1114\" data-element_type=\"section\" data-e-type=\"section\">\n\t\t\t\t\t\t<div class=\"elementor-container elementor-column-gap-default\">\n\t\t\t\t\t<div class=\"elementor-column elementor-col-100 elementor-top-column elementor-element elementor-element-0265c69\" data-id=\"0265c69\" data-element_type=\"column\" data-e-type=\"column\">\n\t\t\t<div class=\"elementor-widget-wrap elementor-element-populated\">\n\t\t\t\t\t\t<div class=\"elementor-element elementor-element-a0ce6e6 elementor-invisible elementor-widget elementor-widget-image\" data-id=\"a0ce6e6\" data-element_type=\"widget\" data-e-type=\"widget\" data-settings=\"{&quot;_animation&quot;:&quot;fadeIn&quot;}\" data-widget_type=\"image.default\">\n\t\t\t\t<div class=\"elementor-widget-container\">\n\t\t\t\t\t\t\t\t\t\t\t\t\t\t\t<img fetchpriority=\"high\" decoding=\"async\" width=\"2500\" height=\"1120\" src=\"https:\/\/i0.wp.com\/motorfestcuracao.com\/wp-content\/uploads\/2023\/04\/Waaigat-NoordERC-1.jpg?fit=2500%2C1120&amp;ssl=1\" class=\"attachment-full size-full wp-image-152\" alt=\"\" srcset=\"https:\/\/i0.wp.com\/motorfestcuracao.com\/wp-content\/uploads\/2023\/04\/Waaigat-NoordERC-1.jpg?w=2500&amp;ssl=1 2500w, https:\/\/i0.wp.com\/motorfestcuracao.com\/wp-content\/uploads\/2023\/04\/Waaigat-NoordERC-1.jpg?resize=300%2C134&amp;ssl=1 300w, https:\/\/i0.wp.com\/motorfestcuracao.com\/wp-content\/uploads\/2023\/04\/Waaigat-NoordERC-1.jpg?resize=1024%2C459&amp;ssl=1 1024w, https:\/\/i0.wp.com\/motorfestcuracao.com\/wp-content\/uploads\/2023\/04\/Waaigat-NoordERC-1.jpg?resize=768%2C344&amp;ssl=1 768w, https:\/\/i0.wp.com\/motorfestcuracao.com\/wp-content\/uploads\/2023\/04\/Waaigat-NoordERC-1.jpg?resize=1536%2C688&amp;ssl=1 1536w, https:\/\/i0.wp.com\/motorfestcuracao.com\/wp-content\/uploads\/2023\/04\/Waaigat-NoordERC-1.jpg?resize=2048%2C918&amp;ssl=1 2048w, https:\/\/i0.wp.com\/motorfestcuracao.com\/wp-content\/uploads\/2023\/04\/Waaigat-NoordERC-1.jpg?w=1600&amp;ssl=1 1600w, https:\/\/i0.wp.com\/motorfestcuracao.com\/wp-content\/uploads\/2023\/04\/Waaigat-NoordERC-1.jpg?w=2400&amp;ssl=1 2400w\" sizes=\"(max-width: 800px) 100vw, 800px\" \/>\t\t\t\t\t\t\t\t\t\t\t\t\t\t\t<\/div>\n\t\t\t\t<\/div>\n\t\t\t\t\t<\/div>\n\t\t<\/div>\n\t\t\t\t\t<\/div>\n\t\t<\/section>\n\t\t\t\t<section class=\"elementor-section elementor-top-section elementor-element elementor-element-92c9d56 elementor-section-boxed elementor-section-height-default elementor-section-height-default\" data-id=\"92c9d56\" data-element_type=\"section\" data-e-type=\"section\">\n\t\t\t\t\t\t<div class=\"elementor-container elementor-column-gap-default\">\n\t\t\t\t\t<div class=\"elementor-column elementor-col-100 elementor-top-column elementor-element elementor-element-a37d959\" data-id=\"a37d959\" data-element_type=\"column\" data-e-type=\"column\">\n\t\t\t<div class=\"elementor-widget-wrap elementor-element-populated\">\n\t\t\t\t\t\t<div class=\"elementor-element elementor-element-c544435 elementor-widget elementor-widget-heading\" data-id=\"c544435\" data-element_type=\"widget\" data-e-type=\"widget\" data-widget_type=\"heading.default\">\n\t\t\t\t<div class=\"elementor-widget-container\">\n\t\t\t\t\t<h2 class=\"elementor-heading-title elementor-size-xl\">Participanten di MotorFest Cura\u00e7ao<\/h2>\t\t\t\t<\/div>\n\t\t\t\t<\/div>\n\t\t\t\t\t<\/div>\n\t\t<\/div>\n\t\t\t\t\t<\/div>\n\t\t<\/section>\n\t\t\t\t<section class=\"elementor-section elementor-top-section elementor-element elementor-element-53426b7 elementor-section-boxed elementor-section-height-default elementor-section-height-default\" data-id=\"53426b7\" data-element_type=\"section\" data-e-type=\"section\">\n\t\t\t\t\t\t<div class=\"elementor-container elementor-column-gap-default\">\n\t\t\t\t\t<div class=\"elementor-column elementor-col-100 elementor-top-column elementor-element elementor-element-da0e113\" data-id=\"da0e113\" data-element_type=\"column\" data-e-type=\"column\">\n\t\t\t<div class=\"elementor-widget-wrap elementor-element-populated\">\n\t\t\t\t\t\t<div class=\"elementor-element elementor-element-cee8602 elementor-widget elementor-widget-image-carousel\" data-id=\"cee8602\" data-element_type=\"widget\" data-e-type=\"widget\" data-settings=\"{&quot;slides_to_show&quot;:&quot;3&quot;,&quot;navigation&quot;:&quot;none&quot;,&quot;image_spacing_custom&quot;:{&quot;unit&quot;:&quot;px&quot;,&quot;size&quot;:47,&quot;sizes&quot;:[]},&quot;slides_to_show_tablet&quot;:&quot;3&quot;,&quot;slides_to_scroll_tablet&quot;:&quot;1&quot;,&quot;autoplay&quot;:&quot;yes&quot;,&quot;pause_on_hover&quot;:&quot;yes&quot;,&quot;pause_on_interaction&quot;:&quot;yes&quot;,&quot;autoplay_speed&quot;:5000,&quot;infinite&quot;:&quot;yes&quot;,&quot;speed&quot;:500,&quot;image_spacing_custom_tablet&quot;:{&quot;unit&quot;:&quot;px&quot;,&quot;size&quot;:&quot;&quot;,&quot;sizes&quot;:[]},&quot;image_spacing_custom_mobile&quot;:{&quot;unit&quot;:&quot;px&quot;,&quot;size&quot;:&quot;&quot;,&quot;sizes&quot;:[]}}\" data-widget_type=\"image-carousel.default\">\n\t\t\t\t<div class=\"elementor-widget-container\">\n\t\t\t\t\t\t\t<div class=\"elementor-image-carousel-wrapper swiper\" role=\"region\" aria-roledescription=\"carousel\" aria-label=\"Image Carousel\" dir=\"ltr\">\n\t\t\t<div class=\"elementor-image-carousel swiper-wrapper swiper-image-stretch\" aria-live=\"off\">\n\t\t\t\t\t\t\t\t<div class=\"swiper-slide\" role=\"group\" aria-roledescription=\"slide\" aria-label=\"1 of 9\"><figure class=\"swiper-slide-inner\"><img decoding=\"async\" class=\"swiper-slide-image\" src=\"https:\/\/i0.wp.com\/motorfestcuracao.com\/wp-content\/uploads\/2023\/04\/WildHogs.png?fit=300%2C300&amp;ssl=1\" alt=\"WildHogs\" \/><\/figure><\/div><div class=\"swiper-slide\" role=\"group\" aria-roledescription=\"slide\" aria-label=\"2 of 9\"><figure class=\"swiper-slide-inner\"><img decoding=\"async\" class=\"swiper-slide-image\" src=\"https:\/\/i0.wp.com\/motorfestcuracao.com\/wp-content\/uploads\/2023\/04\/WABI-club.png?fit=300%2C300&amp;ssl=1\" alt=\"WABI-club\" \/><\/figure><\/div><div class=\"swiper-slide\" role=\"group\" aria-roledescription=\"slide\" aria-label=\"3 of 9\"><figure class=\"swiper-slide-inner\"><img decoding=\"async\" class=\"swiper-slide-image\" src=\"https:\/\/i0.wp.com\/motorfestcuracao.com\/wp-content\/uploads\/2023\/04\/MustangClubCuracao.png?fit=300%2C194&amp;ssl=1\" alt=\"MustangClubCuracao\" \/><\/figure><\/div><div class=\"swiper-slide\" role=\"group\" aria-roledescription=\"slide\" aria-label=\"4 of 9\"><figure class=\"swiper-slide-inner\"><img decoding=\"async\" class=\"swiper-slide-image\" src=\"https:\/\/i0.wp.com\/motorfestcuracao.com\/wp-content\/uploads\/2023\/04\/WIMA-1.jpg?fit=300%2C171&amp;ssl=1\" alt=\"WIMA\" \/><\/figure><\/div><div class=\"swiper-slide\" role=\"group\" aria-roledescription=\"slide\" aria-label=\"5 of 9\"><figure class=\"swiper-slide-inner\"><img decoding=\"async\" class=\"swiper-slide-image\" src=\"https:\/\/i0.wp.com\/motorfestcuracao.com\/wp-content\/uploads\/2023\/04\/IMIXMarine-1.png?fit=300%2C99&amp;ssl=1\" alt=\"IMIXMarine\" \/><\/figure><\/div><div class=\"swiper-slide\" role=\"group\" aria-roledescription=\"slide\" aria-label=\"6 of 9\"><figure class=\"swiper-slide-inner\"><img decoding=\"async\" class=\"swiper-slide-image\" src=\"https:\/\/i0.wp.com\/motorfestcuracao.com\/wp-content\/uploads\/2023\/04\/AllBikerBoys-1.jpg?fit=300%2C200&amp;ssl=1\" alt=\"AllBikerBoys\" \/><\/figure><\/div><div class=\"swiper-slide\" role=\"group\" aria-roledescription=\"slide\" aria-label=\"7 of 9\"><figure class=\"swiper-slide-inner\"><img decoding=\"async\" class=\"swiper-slide-image\" src=\"https:\/\/i0.wp.com\/motorfestcuracao.com\/wp-content\/uploads\/2023\/05\/13a4eb6b-b590-4457-978d-ea01d449b3d8.jpg?fit=272%2C300&amp;ssl=1\" alt=\"13a4eb6b-b590-4457-978d-ea01d449b3d8\" \/><\/figure><\/div><div class=\"swiper-slide\" role=\"group\" aria-roledescription=\"slide\" aria-label=\"8 of 9\"><figure class=\"swiper-slide-inner\"><img decoding=\"async\" class=\"swiper-slide-image\" src=\"https:\/\/i0.wp.com\/motorfestcuracao.com\/wp-content\/uploads\/2023\/05\/13cee3b2-2b19-4b8d-a5c6-4813b84f3a9a.jpg?fit=300%2C270&amp;ssl=1\" alt=\"13cee3b2-2b19-4b8d-a5c6-4813b84f3a9a\" \/><\/figure><\/div><div class=\"swiper-slide\" role=\"group\" aria-roledescription=\"slide\" aria-label=\"9 of 9\"><figure class=\"swiper-slide-inner\"><img decoding=\"async\" class=\"swiper-slide-image\" src=\"https:\/\/i0.wp.com\/motorfestcuracao.com\/wp-content\/uploads\/2023\/05\/a9bba0d4-bfe3-4e21-aa99-6c761fbd2f8e.jpg?fit=300%2C300&amp;ssl=1\" alt=\"a9bba0d4-bfe3-4e21-aa99-6c761fbd2f8e\" \/><\/figure><\/div>\t\t\t<\/div>\n\t\t\t\t\t\t\t\n\t\t\t\t\t\t\t\t\t<\/div>\n\t\t\t\t\t\t<\/div>\n\t\t\t\t<\/div>\n\t\t\t\t\t<\/div>\n\t\t<\/div>\n\t\t\t\t\t<\/div>\n\t\t<\/section>\n\t\t\t\t<section class=\"elementor-section elementor-top-section elementor-element elementor-element-927b66c elementor-section-boxed elementor-section-height-default elementor-section-height-default\" data-id=\"927b66c\" data-element_type=\"section\" data-e-type=\"section\">\n\t\t\t\t\t\t<div class=\"elementor-container elementor-column-gap-default\">\n\t\t\t\t\t<div class=\"elementor-column elementor-col-100 elementor-top-column elementor-element elementor-element-7e3d75a\" data-id=\"7e3d75a\" data-element_type=\"column\" data-e-type=\"column\">\n\t\t\t<div class=\"elementor-widget-wrap elementor-element-populated\">\n\t\t\t\t\t\t<div class=\"elementor-element elementor-element-86f1fb0 elementor-widget elementor-widget-text-editor\" data-id=\"86f1fb0\" data-element_type=\"widget\" data-e-type=\"widget\" data-widget_type=\"text-editor.default\">\n\t\t\t\t<div class=\"elementor-widget-container\">\n\t\t\t\t\t\t\t\t\t<p><a href=\"https:\/\/www.facebook.com\/curacaowima\/\" target=\"_blank\" rel=\"noopener\">WIMA<\/a><\/p><p><a href=\"https:\/\/www.facebook.com\/Wildhogscuracao\" target=\"_blank\" rel=\"noopener\">Wild Hogs Cura\u00e7ao<\/a><\/p><p><a href=\"https:\/\/www.facebook.com\/wabi.club\/\" target=\"_blank\" rel=\"noopener\">WABI-Club<\/a><\/p><p><a href=\"https:\/\/www.facebook.com\/mustangclubcuracao\/\" target=\"_blank\" rel=\"noopener\">Mustangclub Cura\u00e7ao<\/a><\/p><p><a href=\"https:\/\/www.facebook.com\/easyriderscuracao\" target=\"_blank\" rel=\"noopener\">Easy Riders Curacao<\/a><\/p><p><a href=\"https:\/\/imixmarine.com\/\" target=\"_blank\" rel=\"noopener\">IMIX Marine<\/a><\/p><p><a href=\"https:\/\/www.facebook.com\/profile.php?id=100070348720008\" target=\"_blank\" rel=\"noopener\">All Biker Boyz Cura\u00e7ao<\/a><\/p><p><a href=\"https:\/\/www.facebook.com\/profile.php?id=100077696856949\" target=\"_blank\" rel=\"noopener\">Cura\u00e7ao Japanese Oldschool Cars<\/a><\/p><p>Volkswagen Club Cura\u00e7ao<\/p><p>S2K Fanatics, Honda S2000<\/p><p><a href=\"https:\/\/www.instagram.com\/stillballingracingteam\/\" target=\"_blank\" rel=\"noopener\">Still Balling Racingteam<\/a><\/p><p>Dragbikes and Dragcars<\/p><p><a href=\"https:\/\/www.facebook.com\/profile.php?id=100068597243677\" target=\"_blank\" rel=\"noopener\">Roadsquad Cura\u00e7ao<\/a><\/p><p><a href=\"https:\/\/www.instagram.com\/savage.garage_\/?igshid=MzRlODBiNWFlZA%3D%3D\" target=\"_blank\" rel=\"noopener\">Savage Garage<\/a><\/p>\t\t\t\t\t\t\t\t<\/div>\n\t\t\t\t<\/div>\n\t\t\t\t\t<\/div>\n\t\t<\/div>\n\t\t\t\t\t<\/div>\n\t\t<\/section>\n\t\t\t\t<\/div>\n\t\t","protected":false},"excerpt":{"rendered":"<p>Participanten di MotorFest Cura\u00e7ao WIMA Wild Hogs Cura\u00e7ao WABI-Club Mustangclub Cura\u00e7ao Easy Riders Curacao IMIX Marine All Biker Boyz Cura\u00e7ao Cura\u00e7ao Japanese Oldschool Cars Volkswagen Club Cura\u00e7ao S2K Fanatics, Honda S2000 Still Balling Racingteam Dragbikes and Dragcars Roadsquad Cura\u00e7ao Savage Garage<\/p>\n","protected":false},"author":1,"featured_media":0,"parent":0,"menu_order":0,"comment_status":"closed","ping_status":"closed","template":"elementor_header_footer","meta":{"footnotes":""},"class_list":["post-237","page","type-page","status-publish","hentry"],"jetpack_sharing_enabled":true,"_links":{"self":[{"href":"https:\/\/motorfestcuracao.com\/index.php\/wp-json\/wp\/v2\/pages\/237","targetHints":{"allow":["GET"]}}],"collection":[{"href":"https:\/\/motorfestcuracao.com\/index.php\/wp-json\/wp\/v2\/pages"}],"about":[{"href":"https:\/\/motorfestcuracao.com\/index.php\/wp-json\/wp\/v2\/types\/page"}],"author":[{"embeddable":true,"href":"https:\/\/motorfestcuracao.com\/index.php\/wp-json\/wp\/v2\/users\/1"}],"replies":[{"embeddable":true,"href":"https:\/\/motorfestcuracao.com\/index.php\/wp-json\/wp\/v2\/comments?post=237"}],"version-history":[{"count":28,"href":"https:\/\/motorfestcuracao.com\/index.php\/wp-json\/wp\/v2\/pages\/237\/revisions"}],"predecessor-version":[{"id":311,"href":"https:\/\/motorfestcuracao.com\/index.php\/wp-json\/wp\/v2\/pages\/237\/revisions\/311"}],"wp:attachment":[{"href":"https:\/\/motorfestcuracao.com\/index.php\/wp-json\/wp\/v2\/media?parent=237"}],"curies":[{"name":"wp","href":"https:\/\/api.w.org\/{rel}","templated":true}]}}