{"id":11,"date":"2023-04-04T14:29:15","date_gmt":"2023-04-04T14:29:15","guid":{"rendered":"https:\/\/motorfestcuracao.com\/?page_id=11"},"modified":"2023-05-25T12:11:32","modified_gmt":"2023-05-25T12:11:32","slug":"home","status":"publish","type":"page","link":"https:\/\/motorfestcuracao.com\/","title":{"rendered":"Home"},"content":{"rendered":"\t\t<div data-elementor-type=\"wp-page\" data-elementor-id=\"11\" class=\"elementor elementor-11\">\n\t\t\t\t\t\t<section class=\"elementor-section elementor-top-section elementor-element elementor-element-cda6f65 elementor-section-full_width elementor-section-content-middle elementor-section-height-default elementor-section-height-default\" data-id=\"cda6f65\" data-element_type=\"section\" data-e-type=\"section\">\n\t\t\t\t\t\t<div class=\"elementor-container elementor-column-gap-default\">\n\t\t\t\t\t<div class=\"elementor-column elementor-col-100 elementor-top-column elementor-element elementor-element-64326d2\" data-id=\"64326d2\" data-element_type=\"column\" data-e-type=\"column\">\n\t\t\t<div class=\"elementor-widget-wrap elementor-element-populated\">\n\t\t\t\t\t\t<div class=\"elementor-element elementor-element-31a21d8 elementor-invisible elementor-widget elementor-widget-image\" data-id=\"31a21d8\" data-element_type=\"widget\" data-e-type=\"widget\" data-settings=\"{&quot;_animation&quot;:&quot;fadeIn&quot;}\" data-widget_type=\"image.default\">\n\t\t\t\t<div class=\"elementor-widget-container\">\n\t\t\t\t\t\t\t\t\t\t\t\t\t\t\t<img fetchpriority=\"high\" decoding=\"async\" width=\"2500\" height=\"1120\" src=\"https:\/\/i0.wp.com\/motorfestcuracao.com\/wp-content\/uploads\/2023\/04\/Waaigat-NoordERC-1.jpg?fit=2500%2C1120&amp;ssl=1\" class=\"attachment-full size-full wp-image-152\" alt=\"\" srcset=\"https:\/\/i0.wp.com\/motorfestcuracao.com\/wp-content\/uploads\/2023\/04\/Waaigat-NoordERC-1.jpg?w=2500&amp;ssl=1 2500w, https:\/\/i0.wp.com\/motorfestcuracao.com\/wp-content\/uploads\/2023\/04\/Waaigat-NoordERC-1.jpg?resize=300%2C134&amp;ssl=1 300w, https:\/\/i0.wp.com\/motorfestcuracao.com\/wp-content\/uploads\/2023\/04\/Waaigat-NoordERC-1.jpg?resize=1024%2C459&amp;ssl=1 1024w, https:\/\/i0.wp.com\/motorfestcuracao.com\/wp-content\/uploads\/2023\/04\/Waaigat-NoordERC-1.jpg?resize=768%2C344&amp;ssl=1 768w, https:\/\/i0.wp.com\/motorfestcuracao.com\/wp-content\/uploads\/2023\/04\/Waaigat-NoordERC-1.jpg?resize=1536%2C688&amp;ssl=1 1536w, https:\/\/i0.wp.com\/motorfestcuracao.com\/wp-content\/uploads\/2023\/04\/Waaigat-NoordERC-1.jpg?resize=2048%2C918&amp;ssl=1 2048w, https:\/\/i0.wp.com\/motorfestcuracao.com\/wp-content\/uploads\/2023\/04\/Waaigat-NoordERC-1.jpg?w=1600&amp;ssl=1 1600w, https:\/\/i0.wp.com\/motorfestcuracao.com\/wp-content\/uploads\/2023\/04\/Waaigat-NoordERC-1.jpg?w=2400&amp;ssl=1 2400w\" sizes=\"(max-width: 800px) 100vw, 800px\" \/>\t\t\t\t\t\t\t\t\t\t\t\t\t\t\t<\/div>\n\t\t\t\t<\/div>\n\t\t\t\t\t<\/div>\n\t\t<\/div>\n\t\t\t\t\t<\/div>\n\t\t<\/section>\n\t\t\t\t<section class=\"elementor-section elementor-top-section elementor-element elementor-element-9e8586e elementor-section-boxed elementor-section-height-default elementor-section-height-default\" data-id=\"9e8586e\" data-element_type=\"section\" data-e-type=\"section\">\n\t\t\t\t\t\t<div class=\"elementor-container elementor-column-gap-default\">\n\t\t\t\t\t<div class=\"elementor-column elementor-col-100 elementor-top-column elementor-element elementor-element-e2d0fe1\" data-id=\"e2d0fe1\" data-element_type=\"column\" data-e-type=\"column\">\n\t\t\t<div class=\"elementor-widget-wrap elementor-element-populated\">\n\t\t\t\t\t\t<div class=\"elementor-element elementor-element-ba1ef92 elementor-widget elementor-widget-heading\" data-id=\"ba1ef92\" data-element_type=\"widget\" data-e-type=\"widget\" data-widget_type=\"heading.default\">\n\t\t\t\t<div class=\"elementor-widget-container\">\n\t\t\t\t\t<h2 class=\"elementor-heading-title elementor-size-xxl\">MotorFest Cura\u00e7ao 2023<\/h2>\t\t\t\t<\/div>\n\t\t\t\t<\/div>\n\t\t\t\t\t<\/div>\n\t\t<\/div>\n\t\t\t\t\t<\/div>\n\t\t<\/section>\n\t\t\t\t<section class=\"elementor-section elementor-top-section elementor-element elementor-element-b6c2ae6 elementor-section-boxed elementor-section-height-default elementor-section-height-default elementor-invisible\" data-id=\"b6c2ae6\" data-element_type=\"section\" data-e-type=\"section\" data-settings=\"{&quot;animation&quot;:&quot;zoomIn&quot;}\">\n\t\t\t\t\t\t<div class=\"elementor-container elementor-column-gap-default\">\n\t\t\t\t\t<div class=\"elementor-column elementor-col-33 elementor-top-column elementor-element elementor-element-de0f4a0\" data-id=\"de0f4a0\" data-element_type=\"column\" data-e-type=\"column\">\n\t\t\t<div class=\"elementor-widget-wrap elementor-element-populated\">\n\t\t\t\t\t\t<div class=\"elementor-element elementor-element-c415549 elementor-widget elementor-widget-text-editor\" data-id=\"c415549\" data-element_type=\"widget\" data-e-type=\"widget\" data-widget_type=\"text-editor.default\">\n\t\t\t\t<div class=\"elementor-widget-container\">\n\t\t\t\t\t\t\t\t\t<p>Despues di un par di a\u00f1a sin tende nada di dje, Easy Riders Cura\u00e7ao ta invit\u00e1 pueblo di K\u00f2rsou kompletu na su magno evento. E di tres edishon di: &#8220;MOTORFEST 2023&#8221; dia 28 mei 2023.<br \/>Manera bo a kustumbr\u00e1, lo bai tin un showcase di diferente tipo di motorcycles, vehikulo, outonan wabi, boto, RC-planes di drag i mas. Tambe lo bai tin diferente stent di kuminda, piesa\/ asesorio pa motorcycles i un huki pa mucha. M\u00fasika lo no keda af\u00f3. Wak pa bo tei na e Motorfest di mas grandi na K\u00f2rsou.<\/p>\t\t\t\t\t\t\t\t<\/div>\n\t\t\t\t<\/div>\n\t\t\t\t\t<\/div>\n\t\t<\/div>\n\t\t\t\t<div class=\"elementor-column elementor-col-33 elementor-top-column elementor-element elementor-element-0f34757\" data-id=\"0f34757\" data-element_type=\"column\" data-e-type=\"column\">\n\t\t\t<div class=\"elementor-widget-wrap elementor-element-populated\">\n\t\t\t\t\t\t<div class=\"elementor-element elementor-element-c90f07b elementor-widget elementor-widget-image-carousel\" data-id=\"c90f07b\" data-element_type=\"widget\" data-e-type=\"widget\" data-settings=\"{&quot;slides_to_show&quot;:&quot;1&quot;,&quot;navigation&quot;:&quot;none&quot;,&quot;autoplay&quot;:&quot;yes&quot;,&quot;pause_on_hover&quot;:&quot;yes&quot;,&quot;pause_on_interaction&quot;:&quot;yes&quot;,&quot;autoplay_speed&quot;:5000,&quot;infinite&quot;:&quot;yes&quot;,&quot;effect&quot;:&quot;slide&quot;,&quot;speed&quot;:500}\" data-widget_type=\"image-carousel.default\">\n\t\t\t\t<div class=\"elementor-widget-container\">\n\t\t\t\t\t\t\t<div class=\"elementor-image-carousel-wrapper swiper\" role=\"region\" aria-roledescription=\"carousel\" aria-label=\"Image Carousel\" dir=\"ltr\">\n\t\t\t<div class=\"elementor-image-carousel swiper-wrapper swiper-image-stretch\" aria-live=\"off\">\n\t\t\t\t\t\t\t\t<div class=\"swiper-slide\" role=\"group\" aria-roledescription=\"slide\" aria-label=\"1 of 3\"><figure class=\"swiper-slide-inner\"><img decoding=\"async\" class=\"swiper-slide-image\" src=\"https:\/\/i0.wp.com\/motorfestcuracao.com\/wp-content\/uploads\/2023\/04\/67192285_2492619717456251_3280761810440945664_n.jpg?fit=300%2C225&amp;ssl=1\" alt=\"67192285_2492619717456251_3280761810440945664_n\" \/><\/figure><\/div><div class=\"swiper-slide\" role=\"group\" aria-roledescription=\"slide\" aria-label=\"2 of 3\"><figure class=\"swiper-slide-inner\"><img decoding=\"async\" class=\"swiper-slide-image\" src=\"https:\/\/i0.wp.com\/motorfestcuracao.com\/wp-content\/uploads\/2023\/04\/281544761_5295973330454195_1943414049619368443_n.jpg?fit=300%2C201&amp;ssl=1\" alt=\"281544761_5295973330454195_1943414049619368443_n\" \/><\/figure><\/div><div class=\"swiper-slide\" role=\"group\" aria-roledescription=\"slide\" aria-label=\"3 of 3\"><figure class=\"swiper-slide-inner\"><img decoding=\"async\" class=\"swiper-slide-image\" src=\"https:\/\/i0.wp.com\/motorfestcuracao.com\/wp-content\/uploads\/2023\/04\/289802701_5380018915382969_414496658777343808_n.jpg?fit=300%2C201&amp;ssl=1\" alt=\"289802701_5380018915382969_414496658777343808_n\" \/><\/figure><\/div>\t\t\t<\/div>\n\t\t\t\t\t\t\t\n\t\t\t\t\t\t\t\t\t<\/div>\n\t\t\t\t\t\t<\/div>\n\t\t\t\t<\/div>\n\t\t\t\t\t<\/div>\n\t\t<\/div>\n\t\t\t\t<div class=\"elementor-column elementor-col-33 elementor-top-column elementor-element elementor-element-32ed6f9\" data-id=\"32ed6f9\" data-element_type=\"column\" data-e-type=\"column\">\n\t\t\t<div class=\"elementor-widget-wrap elementor-element-populated\">\n\t\t\t\t\t\t<div class=\"elementor-element elementor-element-8fa69b8 elementor-widget elementor-widget-text-editor\" data-id=\"8fa69b8\" data-element_type=\"widget\" data-e-type=\"widget\" data-widget_type=\"text-editor.default\">\n\t\t\t\t<div class=\"elementor-widget-container\">\n\t\t\t\t\t\t\t\t\t<p>Na jarenlang wachten, is het weer tijd voor onze grote activiteit. Easy Riders Cura\u00e7ao nodigt iedereen uit om de derde editie van &#8220;MOTORFEST&#8221; 2023 bij te wonen op 28 mei 2023. Zoals gewoonlijk zullen er o.a. diverse types motorfietsen, auto&#8217;s, oldtimers, dragster auto&#8217;s,\u00a0 motoren, boten en RC-planes tentoongesteld worden. Ook zullen er verschillende stands met eten, drinken, auto en motoronderdelen en accessoires alsook een kinderhoek aanwezig zijn. Uiteraard is er ook muziek aanwezig! Zien we je bij het grootste Motorfest van Cura\u00e7ao?<\/p>\t\t\t\t\t\t\t\t<\/div>\n\t\t\t\t<\/div>\n\t\t\t\t\t<\/div>\n\t\t<\/div>\n\t\t\t\t\t<\/div>\n\t\t<\/section>\n\t\t\t\t<section class=\"elementor-section elementor-top-section elementor-element elementor-element-1842cad elementor-section-boxed elementor-section-height-default elementor-section-height-default\" data-id=\"1842cad\" data-element_type=\"section\" data-e-type=\"section\">\n\t\t\t\t\t\t<div class=\"elementor-container elementor-column-gap-default\">\n\t\t\t\t\t<div class=\"elementor-column elementor-col-33 elementor-top-column elementor-element elementor-element-330ab1a\" data-id=\"330ab1a\" data-element_type=\"column\" data-e-type=\"column\">\n\t\t\t<div class=\"elementor-widget-wrap elementor-element-populated\">\n\t\t\t\t\t\t<div class=\"elementor-element elementor-element-ad2342d elementor-button-success elementor-align-center elementor-widget elementor-widget-button\" data-id=\"ad2342d\" data-element_type=\"widget\" data-e-type=\"widget\" data-widget_type=\"button.default\">\n\t\t\t\t<div class=\"elementor-widget-container\">\n\t\t\t\t\t\t\t\t\t<div class=\"elementor-button-wrapper\">\n\t\t\t\t\t<a class=\"elementor-button elementor-button-link elementor-size-xl elementor-animation-pulse\" href=\"https:\/\/pdf.ac\/2iRp5E\" target=\"_blank\">\n\t\t\t\t\t\t<span class=\"elementor-button-content-wrapper\">\n\t\t\t\t\t\t\t\t\t<span class=\"elementor-button-text\">Inskribi<\/span>\n\t\t\t\t\t<\/span>\n\t\t\t\t\t<\/a>\n\t\t\t\t<\/div>\n\t\t\t\t\t\t\t\t<\/div>\n\t\t\t\t<\/div>\n\t\t\t\t\t<\/div>\n\t\t<\/div>\n\t\t\t\t<div class=\"elementor-column elementor-col-33 elementor-top-column elementor-element elementor-element-31e9db6\" data-id=\"31e9db6\" data-element_type=\"column\" data-e-type=\"column\">\n\t\t\t<div class=\"elementor-widget-wrap elementor-element-populated\">\n\t\t\t\t\t\t<div class=\"elementor-element elementor-element-92f490c elementor-button-success elementor-align-center elementor-widget elementor-widget-button\" data-id=\"92f490c\" data-element_type=\"widget\" data-e-type=\"widget\" data-widget_type=\"button.default\">\n\t\t\t\t<div class=\"elementor-widget-container\">\n\t\t\t\t\t\t\t\t\t<div class=\"elementor-button-wrapper\">\n\t\t\t\t\t<a class=\"elementor-button elementor-button-link elementor-size-xl elementor-animation-pulse\" href=\"https:\/\/motorfestcuracao.com\/index.php\/vendors\/\" target=\"_blank\">\n\t\t\t\t\t\t<span class=\"elementor-button-content-wrapper\">\n\t\t\t\t\t\t\t\t\t<span class=\"elementor-button-text\">Vendors<\/span>\n\t\t\t\t\t<\/span>\n\t\t\t\t\t<\/a>\n\t\t\t\t<\/div>\n\t\t\t\t\t\t\t\t<\/div>\n\t\t\t\t<\/div>\n\t\t\t\t\t<\/div>\n\t\t<\/div>\n\t\t\t\t<div class=\"elementor-column elementor-col-33 elementor-top-column elementor-element elementor-element-5350def\" data-id=\"5350def\" data-element_type=\"column\" data-e-type=\"column\">\n\t\t\t<div class=\"elementor-widget-wrap elementor-element-populated\">\n\t\t\t\t\t\t<div class=\"elementor-element elementor-element-8536d86 elementor-button-success elementor-align-center elementor-widget elementor-widget-button\" data-id=\"8536d86\" data-element_type=\"widget\" data-e-type=\"widget\" data-widget_type=\"button.default\">\n\t\t\t\t<div class=\"elementor-widget-container\">\n\t\t\t\t\t\t\t\t\t<div class=\"elementor-button-wrapper\">\n\t\t\t\t\t<a class=\"elementor-button elementor-button-link elementor-size-xl elementor-animation-pulse\" href=\"https:\/\/motorfestcuracao.com\/index.php\/participanten\/\" target=\"_blank\">\n\t\t\t\t\t\t<span class=\"elementor-button-content-wrapper\">\n\t\t\t\t\t\t\t\t\t<span class=\"elementor-button-text\">Participanten<\/span>\n\t\t\t\t\t<\/span>\n\t\t\t\t\t<\/a>\n\t\t\t\t<\/div>\n\t\t\t\t\t\t\t\t<\/div>\n\t\t\t\t<\/div>\n\t\t\t\t\t<\/div>\n\t\t<\/div>\n\t\t\t\t\t<\/div>\n\t\t<\/section>\n\t\t\t\t<section class=\"elementor-section elementor-top-section elementor-element elementor-element-3f18da5 elementor-section-boxed elementor-section-height-default elementor-section-height-default\" data-id=\"3f18da5\" data-element_type=\"section\" data-e-type=\"section\">\n\t\t\t\t\t\t<div class=\"elementor-container elementor-column-gap-default\">\n\t\t\t\t\t<div class=\"elementor-column elementor-col-100 elementor-top-column elementor-element elementor-element-e8b4181\" data-id=\"e8b4181\" data-element_type=\"column\" data-e-type=\"column\">\n\t\t\t<div class=\"elementor-widget-wrap elementor-element-populated\">\n\t\t\t\t\t\t<div class=\"elementor-element elementor-element-20cbfbe elementor-widget elementor-widget-text-editor\" data-id=\"20cbfbe\" data-element_type=\"widget\" data-e-type=\"widget\" data-widget_type=\"text-editor.default\">\n\t\t\t\t<div class=\"elementor-widget-container\">\n\t\t\t\t\t\t\t\t\t<p>Partisipashon na e aktividat aki organis\u00e1 dor di Easy Riders Cura\u00e7ao ta mar\u00e1 na <a href=\"https:\/\/motorfestcuracao.com\/index.php\/algemenevoorwaarden\/\" target=\"_blank\" rel=\"noopener\">Kondishonnan General<\/a>.<\/p>\t\t\t\t\t\t\t\t<\/div>\n\t\t\t\t<\/div>\n\t\t\t\t\t<\/div>\n\t\t<\/div>\n\t\t\t\t\t<\/div>\n\t\t<\/section>\n\t\t\t\t<section class=\"elementor-section elementor-top-section elementor-element elementor-element-d071edd elementor-section-boxed elementor-section-height-default elementor-section-height-default\" data-id=\"d071edd\" data-element_type=\"section\" data-e-type=\"section\">\n\t\t\t\t\t\t<div class=\"elementor-container elementor-column-gap-default\">\n\t\t\t\t\t<div class=\"elementor-column elementor-col-100 elementor-top-column elementor-element elementor-element-7e26ad7\" data-id=\"7e26ad7\" data-element_type=\"column\" data-e-type=\"column\">\n\t\t\t<div class=\"elementor-widget-wrap elementor-element-populated\">\n\t\t\t\t\t\t<div class=\"elementor-element elementor-element-03be465 elementor-widget elementor-widget-image-carousel\" data-id=\"03be465\" data-element_type=\"widget\" data-e-type=\"widget\" data-settings=\"{&quot;slides_to_show&quot;:&quot;2&quot;,&quot;navigation&quot;:&quot;none&quot;,&quot;image_spacing_custom&quot;:{&quot;unit&quot;:&quot;px&quot;,&quot;size&quot;:87,&quot;sizes&quot;:[]},&quot;autoplay&quot;:&quot;yes&quot;,&quot;pause_on_hover&quot;:&quot;yes&quot;,&quot;pause_on_interaction&quot;:&quot;yes&quot;,&quot;autoplay_speed&quot;:5000,&quot;infinite&quot;:&quot;yes&quot;,&quot;speed&quot;:500,&quot;image_spacing_custom_tablet&quot;:{&quot;unit&quot;:&quot;px&quot;,&quot;size&quot;:&quot;&quot;,&quot;sizes&quot;:[]},&quot;image_spacing_custom_mobile&quot;:{&quot;unit&quot;:&quot;px&quot;,&quot;size&quot;:&quot;&quot;,&quot;sizes&quot;:[]}}\" data-widget_type=\"image-carousel.default\">\n\t\t\t\t<div class=\"elementor-widget-container\">\n\t\t\t\t\t\t\t<div class=\"elementor-image-carousel-wrapper swiper\" role=\"region\" aria-roledescription=\"carousel\" aria-label=\"Image Carousel\" dir=\"ltr\">\n\t\t\t<div class=\"elementor-image-carousel swiper-wrapper\" aria-live=\"off\">\n\t\t\t\t\t\t\t\t<div class=\"swiper-slide\" role=\"group\" aria-roledescription=\"slide\" aria-label=\"1 of 17\"><figure class=\"swiper-slide-inner\"><img decoding=\"async\" class=\"swiper-slide-image\" src=\"https:\/\/i0.wp.com\/motorfestcuracao.com\/wp-content\/uploads\/2023\/05\/AMP.jpg?fit=768%2C543&amp;ssl=1\" alt=\"AMP\" \/><\/figure><\/div><div class=\"swiper-slide\" role=\"group\" aria-roledescription=\"slide\" aria-label=\"2 of 17\"><figure class=\"swiper-slide-inner\"><img decoding=\"async\" class=\"swiper-slide-image\" src=\"https:\/\/i0.wp.com\/motorfestcuracao.com\/wp-content\/uploads\/2023\/05\/Autocity.jpg?fit=768%2C547&amp;ssl=1\" alt=\"Autocity\" \/><\/figure><\/div><div class=\"swiper-slide\" role=\"group\" aria-roledescription=\"slide\" aria-label=\"3 of 17\"><figure class=\"swiper-slide-inner\"><img decoding=\"async\" class=\"swiper-slide-image\" src=\"https:\/\/i0.wp.com\/motorfestcuracao.com\/wp-content\/uploads\/2023\/05\/Bright.jpg?fit=768%2C543&amp;ssl=1\" alt=\"Bright\" \/><\/figure><\/div><div class=\"swiper-slide\" role=\"group\" aria-roledescription=\"slide\" aria-label=\"4 of 17\"><figure class=\"swiper-slide-inner\"><img decoding=\"async\" class=\"swiper-slide-image\" src=\"https:\/\/i0.wp.com\/motorfestcuracao.com\/wp-content\/uploads\/2023\/05\/Changang.jpg?fit=768%2C541&amp;ssl=1\" alt=\"Changang\" \/><\/figure><\/div><div class=\"swiper-slide\" role=\"group\" aria-roledescription=\"slide\" aria-label=\"5 of 17\"><figure class=\"swiper-slide-inner\"><img decoding=\"async\" class=\"swiper-slide-image\" src=\"https:\/\/i0.wp.com\/motorfestcuracao.com\/wp-content\/uploads\/2023\/05\/Chivas.jpg?fit=768%2C543&amp;ssl=1\" alt=\"Chivas\" \/><\/figure><\/div><div class=\"swiper-slide\" role=\"group\" aria-roledescription=\"slide\" aria-label=\"6 of 17\"><figure class=\"swiper-slide-inner\"><img decoding=\"async\" class=\"swiper-slide-image\" src=\"https:\/\/i0.wp.com\/motorfestcuracao.com\/wp-content\/uploads\/2023\/05\/CocaCola.jpg?fit=768%2C544&amp;ssl=1\" alt=\"CocaCola\" \/><\/figure><\/div><div class=\"swiper-slide\" role=\"group\" aria-roledescription=\"slide\" aria-label=\"7 of 17\"><figure class=\"swiper-slide-inner\"><img decoding=\"async\" class=\"swiper-slide-image\" src=\"https:\/\/i0.wp.com\/motorfestcuracao.com\/wp-content\/uploads\/2023\/05\/Daboussi.jpg?fit=768%2C545&amp;ssl=1\" alt=\"Daboussi\" \/><\/figure><\/div><div class=\"swiper-slide\" role=\"group\" aria-roledescription=\"slide\" aria-label=\"8 of 17\"><figure class=\"swiper-slide-inner\"><img decoding=\"async\" class=\"swiper-slide-image\" src=\"https:\/\/i0.wp.com\/motorfestcuracao.com\/wp-content\/uploads\/2023\/05\/IMIX.jpg?fit=768%2C543&amp;ssl=1\" alt=\"IMIX\" \/><\/figure><\/div><div class=\"swiper-slide\" role=\"group\" aria-roledescription=\"slide\" aria-label=\"9 of 17\"><figure class=\"swiper-slide-inner\"><img decoding=\"async\" class=\"swiper-slide-image\" src=\"https:\/\/i0.wp.com\/motorfestcuracao.com\/wp-content\/uploads\/2023\/05\/Kortijn.jpg?fit=768%2C542&amp;ssl=1\" alt=\"Kortijn\" \/><\/figure><\/div><div class=\"swiper-slide\" role=\"group\" aria-roledescription=\"slide\" aria-label=\"10 of 17\"><figure class=\"swiper-slide-inner\"><img decoding=\"async\" class=\"swiper-slide-image\" src=\"https:\/\/i0.wp.com\/motorfestcuracao.com\/wp-content\/uploads\/2023\/05\/MG.jpg?fit=768%2C545&amp;ssl=1\" alt=\"M&amp;G\" \/><\/figure><\/div><div class=\"swiper-slide\" role=\"group\" aria-roledescription=\"slide\" aria-label=\"11 of 17\"><figure class=\"swiper-slide-inner\"><img decoding=\"async\" class=\"swiper-slide-image\" src=\"https:\/\/i0.wp.com\/motorfestcuracao.com\/wp-content\/uploads\/2023\/05\/Meguiars.jpg?fit=768%2C543&amp;ssl=1\" alt=\"Meguiars\" \/><\/figure><\/div><div class=\"swiper-slide\" role=\"group\" aria-roledescription=\"slide\" aria-label=\"12 of 17\"><figure class=\"swiper-slide-inner\"><img decoding=\"async\" class=\"swiper-slide-image\" src=\"https:\/\/i0.wp.com\/motorfestcuracao.com\/wp-content\/uploads\/2023\/05\/Shell.jpg?fit=768%2C544&amp;ssl=1\" alt=\"Shell\" \/><\/figure><\/div><div class=\"swiper-slide\" role=\"group\" aria-roledescription=\"slide\" aria-label=\"13 of 17\"><figure class=\"swiper-slide-inner\"><img decoding=\"async\" class=\"swiper-slide-image\" src=\"https:\/\/i0.wp.com\/motorfestcuracao.com\/wp-content\/uploads\/2023\/05\/STAR.jpg?fit=768%2C547&amp;ssl=1\" alt=\"STAR\" \/><\/figure><\/div><div class=\"swiper-slide\" role=\"group\" aria-roledescription=\"slide\" aria-label=\"14 of 17\"><figure class=\"swiper-slide-inner\"><img decoding=\"async\" class=\"swiper-slide-image\" src=\"https:\/\/i0.wp.com\/motorfestcuracao.com\/wp-content\/uploads\/2023\/05\/WineFactory.jpg?fit=768%2C543&amp;ssl=1\" alt=\"WineFactory\" \/><\/figure><\/div><div class=\"swiper-slide\" role=\"group\" aria-roledescription=\"slide\" aria-label=\"15 of 17\"><figure class=\"swiper-slide-inner\"><img decoding=\"async\" class=\"swiper-slide-image\" src=\"https:\/\/i0.wp.com\/motorfestcuracao.com\/wp-content\/uploads\/2023\/05\/DiviDivi-1.jpg?fit=768%2C544&amp;ssl=1\" alt=\"DiviDivi\" \/><\/figure><\/div><div class=\"swiper-slide\" role=\"group\" aria-roledescription=\"slide\" aria-label=\"16 of 17\"><figure class=\"swiper-slide-inner\"><img decoding=\"async\" class=\"swiper-slide-image\" src=\"https:\/\/i0.wp.com\/motorfestcuracao.com\/wp-content\/uploads\/2023\/05\/Omni-1.jpg?fit=768%2C542&amp;ssl=1\" alt=\"Omni\" \/><\/figure><\/div><div class=\"swiper-slide\" role=\"group\" aria-roledescription=\"slide\" aria-label=\"17 of 17\"><figure class=\"swiper-slide-inner\"><img decoding=\"async\" class=\"swiper-slide-image\" src=\"https:\/\/i0.wp.com\/motorfestcuracao.com\/wp-content\/uploads\/2023\/05\/The-Lions-1.jpg?fit=768%2C546&amp;ssl=1\" alt=\"The Lions\" \/><\/figure><\/div>\t\t\t<\/div>\n\t\t\t\t\t\t\t\n\t\t\t\t\t\t\t\t\t<\/div>\n\t\t\t\t\t\t<\/div>\n\t\t\t\t<\/div>\n\t\t\t\t\t<\/div>\n\t\t<\/div>\n\t\t\t\t\t<\/div>\n\t\t<\/section>\n\t\t\t\t<\/div>\n\t\t","protected":false},"excerpt":{"rendered":"<p>MotorFest Cura\u00e7ao 2023 Despues di un par di a\u00f1a sin tende nada di dje, Easy Riders Cura\u00e7ao ta invit\u00e1 pueblo di K\u00f2rsou kompletu na su magno evento. E di tres edishon di: &#8220;MOTORFEST 2023&#8221; dia 28 mei 2023.Manera bo a kustumbr\u00e1, lo bai tin un showcase di diferente tipo di motorcycles, vehikulo, outonan wabi, boto, [&hellip;]<\/p>\n","protected":false},"author":1,"featured_media":0,"parent":0,"menu_order":0,"comment_status":"closed","ping_status":"closed","template":"elementor_canvas","meta":{"footnotes":""},"class_list":["post-11","page","type-page","status-publish","hentry"],"jetpack_sharing_enabled":true,"_links":{"self":[{"href":"https:\/\/motorfestcuracao.com\/index.php\/wp-json\/wp\/v2\/pages\/11","targetHints":{"allow":["GET"]}}],"collection":[{"href":"https:\/\/motorfestcuracao.com\/index.php\/wp-json\/wp\/v2\/pages"}],"about":[{"href":"https:\/\/motorfestcuracao.com\/index.php\/wp-json\/wp\/v2\/types\/page"}],"author":[{"embeddable":true,"href":"https:\/\/motorfestcuracao.com\/index.php\/wp-json\/wp\/v2\/users\/1"}],"replies":[{"embeddable":true,"href":"https:\/\/motorfestcuracao.com\/index.php\/wp-json\/wp\/v2\/comments?post=11"}],"version-history":[{"count":196,"href":"https:\/\/motorfestcuracao.com\/index.php\/wp-json\/wp\/v2\/pages\/11\/revisions"}],"predecessor-version":[{"id":339,"href":"https:\/\/motorfestcuracao.com\/index.php\/wp-json\/wp\/v2\/pages\/11\/revisions\/339"}],"wp:attachment":[{"href":"https:\/\/motorfestcuracao.com\/index.php\/wp-json\/wp\/v2\/media?parent=11"}],"curies":[{"name":"wp","href":"https:\/\/api.w.org\/{rel}","templated":true}]}}